{"id":6,"date":"2023-08-08T17:06:14","date_gmt":"2023-08-08T17:06:14","guid":{"rendered":"https:\/\/cabecadaanta.com.br\/rota79\/?page_id=6"},"modified":"2023-08-08T17:42:11","modified_gmt":"2023-08-08T17:42:11","slug":"inicio","status":"publish","type":"page","link":"https:\/\/cabecadaanta.com.br\/rota79\/","title":{"rendered":"Inicio"},"content":{"rendered":"\n<p><strong>Estrada Radical: A Incr\u00edvel Jornada Pela Cabe\u00e7a da Anta Rota 79! <\/strong>\ud83c\udfcd\ufe0f\ud83c\udfcd\ufe0f<\/p>\n\n\n\n<p>A lend\u00e1ria rodovia Tapira\u00ed-Juqui\u00e1, SP 79, rebatizada como Tenente Celestino Am\u00e9rico em honra ao seu destemido defensor, e at\u00e9 apelidada de Cabe\u00e7a da Anta Rota 79, \u00e9 uma verdadeira epopeia sinuosa e desafiadora, cravada nas entranhas do interior paulista, estendendo-se com ousadia por aproximadamente 60 quil\u00f4metros. <\/p>\n\n\n\n<p>Como uma fera indom\u00e1vel, essa estrada revela uma beleza selvagem que proporciona uma experi\u00eancia radical e incompar\u00e1vel tanto para os aventureiros do volante quanto para os corajosos visitantes.<\/p>\n\n\n\n<p>Curta nossa p\u00e1gina no <a href=\"http:\/\/facebook.com.br\/cabecadaanta79\" target=\"_blank\" rel=\"noreferrer noopener\">Facebook<\/a> e <a href=\"https:\/\/www.instagram.com\/cabecadaanta79\/\" target=\"_blank\" rel=\"noreferrer noopener\">Instagram<\/a> &#8211; @cabecadaanta79<\/p>\n\n\n\n<p>#CabecadaAntaRota79 #CabecadaAnta #Mototurismo #AventuranaEstrada<\/p>\n","protected":false},"excerpt":{"rendered":"<p>Estrada Radical: A Incr\u00edvel Jornada Pela Cabe\u00e7a da Anta Rota 79! \ud83c\udfcd\ufe0f\ud83c\udfcd\ufe0f A lend\u00e1ria rodovia Tapira\u00ed-Juqui\u00e1, SP 79, rebatizada como Tenente Celestino Am\u00e9rico em honra ao seu destemido defensor, e at\u00e9 apelidada de Cabe\u00e7a da Anta Rota 79, \u00e9 uma verdadeira epopeia sinuosa e desafiadora, cravada nas entranhas do interior paulista, estendendo-se com ousadia por [&hellip;]<\/p>\n","protected":false},"author":1,"featured_media":0,"parent":0,"menu_order":0,"comment_status":"closed","ping_status":"closed","template":"","meta":{"footnotes":""},"class_list":["post-6","page","type-page","status-publish","hentry"],"_links":{"self":[{"href":"https:\/\/cabecadaanta.com.br\/rota79\/wp-json\/wp\/v2\/pages\/6","targetHints":{"allow":["GET"]}}],"collection":[{"href":"https:\/\/cabecadaanta.com.br\/rota79\/wp-json\/wp\/v2\/pages"}],"about":[{"href":"https:\/\/cabecadaanta.com.br\/rota79\/wp-json\/wp\/v2\/types\/page"}],"author":[{"embeddable":true,"href":"https:\/\/cabecadaanta.com.br\/rota79\/wp-json\/wp\/v2\/users\/1"}],"replies":[{"embeddable":true,"href":"https:\/\/cabecadaanta.com.br\/rota79\/wp-json\/wp\/v2\/comments?post=6"}],"version-history":[{"count":5,"href":"https:\/\/cabecadaanta.com.br\/rota79\/wp-json\/wp\/v2\/pages\/6\/revisions"}],"predecessor-version":[{"id":24,"href":"https:\/\/cabecadaanta.com.br\/rota79\/wp-json\/wp\/v2\/pages\/6\/revisions\/24"}],"wp:attachment":[{"href":"https:\/\/cabecadaanta.com.br\/rota79\/wp-json\/wp\/v2\/media?parent=6"}],"curies":[{"name":"wp","href":"https:\/\/api.w.org\/{rel}","templated":true}]}}