{"id":9,"date":"2023-08-08T17:07:55","date_gmt":"2023-08-08T17:07:55","guid":{"rendered":"https:\/\/cabecadaanta.com.br\/rota79\/?page_id=9"},"modified":"2023-08-08T18:46:29","modified_gmt":"2023-08-08T18:46:29","slug":"sobre-a-rota-79","status":"publish","type":"page","link":"https:\/\/cabecadaanta.com.br\/rota79\/sobre-a-rota-79\/","title":{"rendered":"Sobre a Rota 79"},"content":{"rendered":"\n<p><strong>Explorando a Radical Cabe\u00e7a da Anta Rota 79!<\/strong><\/p>\n\n\n\n<p>Bora dar um rol\u00ea nessa estrada insana e \u00e9 l\u00f3gico que estou falando d a famosa Cabe\u00e7a da Anta Rota 79, que tamb\u00e9m atende por Tenente Celestino Am\u00e9rico &#8211; homenagem ao brabo que bateu o p\u00e9 por ela. Isso mesmo, minha gente, uma jornada de quase 60 km que \u00e9 um convite \u00e0 aventura no cora\u00e7\u00e3o do interior paulista.<\/p>\n\n\n\n<figure class=\"wp-block-image aligncenter size-full is-resized\"><img loading=\"lazy\" decoding=\"async\" src=\"https:\/\/cabecadaanta.com.br\/rota79\/wp-content\/uploads\/2023\/08\/transferir.jpeg\" alt=\"\" class=\"wp-image-30\" width=\"422\" height=\"296\"\/><\/figure>\n\n\n\n<p>Pensa bem: s\u00e3o 353 curvas de tirar o f\u00f4lego, algumas delas em forma de &#8220;U&#8221;, que pedem toda a destreza dos pilotos urbanos. Trazendo a natureza em todos os instantes do seu percurso, essa estrada \u00e9 um t\u00fanel verde, cercado pela vegeta\u00e7\u00e3o da mata atl\u00e2ntica, com uma m\u00e9dia de curva a cada 170 metros. A divers\u00e3o inclui visuais de \u00e1rvores, arbustos floridos e uma fauna esperta, com tucanos, on\u00e7as, cobras e macacos dando as caras.<\/p>\n\n\n\n<p>A &#8220;Cabe\u00e7a da Anta&#8221; \u00e9 um dos highlights dessa viagem louca, com um point maneiro onde a galera se joga pra comer e beber. Imagina s\u00f3, restaurante e lanchonete na frente de um pitstop cl\u00e1ssico, onde rola uma fonte de \u00e1gua top esculpida na cabe\u00e7a de uma anta de bronze. E para completar, ainda rola a parada de venda de palmito, banana e aqueles doces caseiros que a gente curte.<\/p>\n\n\n\n<p>Mas \u00f3, segura a emo\u00e7\u00e3o, porque essa estrada n\u00e3o est\u00e1 pra brincadeira n\u00e3o. Curvas fechadas, precip\u00edcios e a possibilidade de cruzar com bichos fora da jaula s\u00e3o s\u00f3 algumas das emo\u00e7\u00f5es. Apesar do visual deslumbrante, o alerta \u00e9 real. Os ecologistas est\u00e3o na luta pra transformar essa pista em um para\u00edso ecol\u00f3gico.<\/p>\n\n\n\n<p>A SP-79 \u00e9 uma trilha vital entre o interior e o litoral sul de S\u00e3o Paulo, e ainda conecta o sul do Brasil pela BR-116. No rol\u00ea, essa pista troca de nome mais que figurinha: de Conven\u00e7\u00e3o Republicana a Waldomiro Correa de Camargo, \u00e9 um verdadeiro carrossel de identidades.<\/p>\n\n\n\n<p>Sendo direto, a Rodovia Tapira\u00ed-Juqui\u00e1 \u00e9 mais que uma simples rota, \u00e9 um convite para uma aventura sensorial. Aquelas curvas malucas, as flores brotando, bichos na \u00e1rea e os points \u00fanicos pelo caminho transformam cada quil\u00f4metro numa vibe inesquec\u00edvel.<\/p>\n\n\n\n<p>Ent\u00e3o, j\u00e1 sabe: se quer emo\u00e7\u00e3o, beleza natural e uma hist\u00f3ria para contar, essa estrada \u00e9 o point. S\u00f3 n\u00e3o esquece de acelerar com responsabilidade e respeitar a m\u00e3e natureza, porque essa viagem \u00e9 radical em todos os sentidos!<\/p>\n","protected":false},"excerpt":{"rendered":"<p>Explorando a Radical Cabe\u00e7a da Anta Rota 79! Bora dar um rol\u00ea nessa estrada insana e \u00e9 l\u00f3gico que estou falando d a famosa Cabe\u00e7a da Anta Rota 79, que tamb\u00e9m atende por Tenente Celestino Am\u00e9rico &#8211; homenagem ao brabo que bateu o p\u00e9 por ela. Isso mesmo, minha gente, uma jornada de quase 60 [&hellip;]<\/p>\n","protected":false},"author":1,"featured_media":0,"parent":0,"menu_order":0,"comment_status":"closed","ping_status":"closed","template":"","meta":{"footnotes":""},"class_list":["post-9","page","type-page","status-publish","hentry"],"_links":{"self":[{"href":"https:\/\/cabecadaanta.com.br\/rota79\/wp-json\/wp\/v2\/pages\/9","targetHints":{"allow":["GET"]}}],"collection":[{"href":"https:\/\/cabecadaanta.com.br\/rota79\/wp-json\/wp\/v2\/pages"}],"about":[{"href":"https:\/\/cabecadaanta.com.br\/rota79\/wp-json\/wp\/v2\/types\/page"}],"author":[{"embeddable":true,"href":"https:\/\/cabecadaanta.com.br\/rota79\/wp-json\/wp\/v2\/users\/1"}],"replies":[{"embeddable":true,"href":"https:\/\/cabecadaanta.com.br\/rota79\/wp-json\/wp\/v2\/comments?post=9"}],"version-history":[{"count":3,"href":"https:\/\/cabecadaanta.com.br\/rota79\/wp-json\/wp\/v2\/pages\/9\/revisions"}],"predecessor-version":[{"id":31,"href":"https:\/\/cabecadaanta.com.br\/rota79\/wp-json\/wp\/v2\/pages\/9\/revisions\/31"}],"wp:attachment":[{"href":"https:\/\/cabecadaanta.com.br\/rota79\/wp-json\/wp\/v2\/media?parent=9"}],"curies":[{"name":"wp","href":"https:\/\/api.w.org\/{rel}","templated":true}]}}